{"id":2595,"date":"2025-12-22T17:04:23","date_gmt":"2025-12-22T17:04:23","guid":{"rendered":"https:\/\/turismotazacorte.es\/rechtlicher-hinweis-2\/"},"modified":"2025-12-22T17:15:49","modified_gmt":"2025-12-22T17:15:49","slug":"rechtlicher-hinweis-2","status":"publish","type":"page","link":"https:\/\/turismotazacorte.es\/de\/rechtlicher-hinweis-2\/","title":{"rendered":"Rechtlicher Hinweis"},"content":{"rendered":"\n<p>El uso de la informaci\u00f3n contenida en este sitio web implica la aceptaci\u00f3n de los t\u00e9rminos detallados en este aviso legal<\/p>\n\n<h3 class=\"wp-block-heading\">Allgemeine Nutzungsbedingungen der kommunalen Webportale<\/h3>\n\n<p>Der Zugang zu den kommunalen Webportalen sowie die Nutzung der darin enthaltenen Informationen erfolgen ausschlie\u00dflich auf Verantwortung der Nutzerin oder des Nutzers.<\/p>\n\n<p>Das Ehrenwerte Rathaus von Tazacorte \u00fcbernimmt keinerlei Verantwortung f\u00fcr Folgen, Sch\u00e4den oder Nachteile, die sich aus dem Zugang zu dieser Website oder aus der Nutzung der darin enthaltenen Informationen oder Inhalte ergeben k\u00f6nnten, einschlie\u00dflich von Computersystemsch\u00e4den und der Einschleusung von Viren. <\/p>\n\n<p>Das Ehrenwerte Rathaus von Tazacorte \u00fcbernimmt keine Haftung f\u00fcr Sch\u00e4den oder Nachteile, die sich aus der Nutzung der auf der Website enthaltenen Werkzeuge und Informationen im Zusammenhang mit der Entscheidung \u00fcber den Beginn, den Verlauf oder das Ergebnis von Verwaltungsverfahren ergeben k\u00f6nnten.  Solche Entscheidungen m\u00fcssen in den zust\u00e4ndigen Zentren, Organisationen oder Abteilungen \u00fcberpr\u00fcft werden.<\/p>\n\n<p>In jedem Fall d\u00fcrfen die Informationen und Inhalte der kommunalen Webportale in Verfahren gegen\u00fcber der \u00f6ffentlichen Verwaltung nicht geltend gemacht werden; es wird keinerlei Verantwortung f\u00fcr etwaige Abweichungen zwischen den gedruckten Dokumenten der zust\u00e4ndigen Verwaltung und der elektronischen Ver\u00f6ffentlichung auf diesen Seiten \u00fcbernommen.<\/p>\n\n<p>Das Ehrenwerte Rathaus von Tazacorte kann jederzeit und ohne vorherige Ank\u00fcndigung Aktualisierungen und \u00c4nderungen an den auf seinen Portalen enthaltenen Informationen sowie an deren Konfiguration oder Darstellung vornehmen. <\/p>\n\n<p>Die verschiedenen Postf\u00e4cher, wie etwa die E-Mail-Formulare der kommunalen Webportale, dienen ausschlie\u00dflich Informationszwecken; aus einer etwaigen Antwort kann in keinem Fall eine rechtlich bindende Wirkung abgeleitet werden.<\/p>\n\n<h3 class=\"wp-block-heading\">Einrichtung von Hyperlinks oder Links<\/h3>\n\n<p>Auf den kommunalen Webportalen wurden Links zu Webseiten Dritter aufgenommen. Das Ehrenwerte Rathaus von Tazacorte \u00fcbernimmt keinerlei Verantwortung f\u00fcr deren Inhalte oder f\u00fcr die hergestellte Verbindung.  <\/p>\n\n<h3 class=\"wp-block-heading\">Rechte des geistigen und gewerblichen Eigentums<\/h3>\n\n<p>*.<a href=\"http:\/\/tazacorte.es\/\" target=\"_blank\" rel=\"noreferrer noopener\">tazacorte.es<\/a> ist eine Internet-Domain im Eigentum des Ehrenwerten Rathauses von Tazacorte. <\/p>\n\n<p>Die Rechte des geistigen Eigentums an den kommunalen Webportalen im Internet, einschlie\u00dflich ihres grafischen Designs und der darin enthaltenen Codes, liegen beim Ehrenwerten Rathaus von Tazacorte, sofern nichts anderes angegeben ist. Die nicht genehmigte Vervielf\u00e4ltigung, Verbreitung, Vermarktung oder Bearbeitung dieser Werke \u2013 sofern sie nicht zum pers\u00f6nlichen und privaten Gebrauch erfolgt \u2013 stellt eine Verletzung der Rechte des geistigen Eigentums des Ehrenwerten Rathauses von Tazacorte oder des jeweiligen Rechteinhabers dar.   <\/p>\n\n<p>La utilizaci\u00f3n no autorizada de la informaci\u00f3n contenida en este portal, as\u00ed como los perjuicios ocasionados en los derechos de propiedad intelectual e industrial del Excmo. Ayuntamiento de Tazacorte, podr\u00e1n dar lugar al ejercicio de las acciones legales correspondientes y, en su caso, a las responsabilidades que de dicho ejercicio se deriven. <\/p>\n\n<h3 class=\"wp-block-heading\">Datenschutz<\/h3>\n\n<p>Mit dem Ziel, Ihnen den bestm\u00f6glichen Service zu bieten und die Nutzung zu erleichtern, werden die Anzahl der aufgerufenen Seiten, die Anzahl der Besuche sowie die Aktivit\u00e4t der Besucher der kommunalen Webportale und deren Nutzungsh\u00e4ufigkeit analysiert.<\/p>\n\n<p>Auf Grundlage dieser Informationen wird die Nutzungsh\u00e4ufigkeit anhand der Verbindungsdaten und der meistbesuchten Bereiche ausgewertet. Das Ehrenwerte Rathaus von Tazacorte verwendet Cookies, um Informationen \u00fcber die Nutzer zu sammeln.  <\/p>\n\n<p>Die in den kommunalen Vorschriften enthaltenen Texte dienen lediglich der Information und haben keine Rechtsg\u00fcltigkeit. In keinem Fall sind sie f\u00fcr die Entscheidung in gerichtlichen oder verwaltungsrechtlichen Verfahren bindend, da diese strikt den jeweils anwendbaren gesetzlichen oder rechtlichen Vorschriften unterliegen. F\u00fcr rechtliche Zwecke sollten die in den Amtsbl\u00e4ttern und -zeitungen ver\u00f6ffentlichten Texte konsultiert werden.<\/p>\n\n<p>Die offizielle Bezeichnung dieser Verwaltung lautet Ehrenwertes Rathaus von Tazacorte mit Sitz in:<br\/> <\/p>\n\n<p>C. Primero de Mayo, 1<\/p>\n\n<p>38779 Tazacorte, La Palma<\/p>\n\n<p>F\u00fcr technische Fragen im Zusammenhang mit dem Portal k\u00f6nnen Sie ebenfalls telefonisch Kontakt aufnehmen unter:<\/p>\n\n<p>922 48 08 03<\/p>\n","protected":false},"excerpt":{"rendered":"<p>El uso de la informaci\u00f3n contenida en este sitio web implica la aceptaci\u00f3n de los t\u00e9rminos detallados en este aviso legal Allgemeine Nutzungsbedingungen der kommunalen Webportale Der Zugang zu den [&hellip;]<\/p>\n","protected":false},"author":2,"featured_media":0,"parent":0,"menu_order":0,"comment_status":"closed","ping_status":"closed","template":"","meta":{"_acf_changed":false,"footnotes":""},"class_list":["post-2595","page","type-page","status-publish","hentry"],"acf":[],"yoast_head":"<!-- This site is optimized with the Yoast SEO plugin v26.6 - https:\/\/yoast.com\/wordpress\/plugins\/seo\/ -->\n<title>Rechtlicher Hinweis - Tazacorte Tourismus<\/title>\n<meta name=\"robots\" content=\"index, follow, max-snippet:-1, max-image-preview:large, max-video-preview:-1\" \/>\n<link rel=\"canonical\" href=\"https:\/\/turismotazacorte.es\/de\/rechtlicher-hinweis-2\/\" \/>\n<meta property=\"og:locale\" content=\"de_DE\" \/>\n<meta property=\"og:type\" content=\"article\" \/>\n<meta property=\"og:title\" content=\"Rechtlicher Hinweis - Tazacorte Tourismus\" \/>\n<meta property=\"og:description\" content=\"El uso de la informaci\u00f3n contenida en este sitio web implica la aceptaci\u00f3n de los t\u00e9rminos detallados en este aviso legal Allgemeine Nutzungsbedingungen der kommunalen Webportale Der Zugang zu den [&hellip;]\" \/>\n<meta property=\"og:url\" content=\"https:\/\/turismotazacorte.es\/de\/rechtlicher-hinweis-2\/\" \/>\n<meta property=\"og:site_name\" content=\"Tazacorte Tourismus\" \/>\n<meta property=\"article:modified_time\" content=\"2025-12-22T17:15:49+00:00\" \/>\n<meta name=\"twitter:card\" content=\"summary_large_image\" \/>\n<meta name=\"twitter:label1\" content=\"Gesch\u00e4tzte Lesezeit\" \/>\n\t<meta name=\"twitter:data1\" content=\"3\u00a0Minuten\" \/>\n<script type=\"application\/ld+json\" class=\"yoast-schema-graph\">{\"@context\":\"https:\/\/schema.org\",\"@graph\":[{\"@type\":\"WebPage\",\"@id\":\"https:\/\/turismotazacorte.es\/de\/rechtlicher-hinweis-2\/\",\"url\":\"https:\/\/turismotazacorte.es\/de\/rechtlicher-hinweis-2\/\",\"name\":\"Rechtlicher Hinweis - Tazacorte Tourismus\",\"isPartOf\":{\"@id\":\"https:\/\/turismotazacorte.es\/de\/#website\"},\"datePublished\":\"2025-12-22T17:04:23+00:00\",\"dateModified\":\"2025-12-22T17:15:49+00:00\",\"breadcrumb\":{\"@id\":\"https:\/\/turismotazacorte.es\/de\/rechtlicher-hinweis-2\/#breadcrumb\"},\"inLanguage\":\"de\",\"potentialAction\":[{\"@type\":\"ReadAction\",\"target\":[\"https:\/\/turismotazacorte.es\/de\/rechtlicher-hinweis-2\/\"]}]},{\"@type\":\"BreadcrumbList\",\"@id\":\"https:\/\/turismotazacorte.es\/de\/rechtlicher-hinweis-2\/#breadcrumb\",\"itemListElement\":[{\"@type\":\"ListItem\",\"position\":1,\"name\":\"Startseite\",\"item\":\"https:\/\/myblog-qvxlqmxys2.live-website.com\/de\/startseite\/\"},{\"@type\":\"ListItem\",\"position\":2,\"name\":\"Rechtlicher Hinweis\"}]},{\"@type\":\"WebSite\",\"@id\":\"https:\/\/turismotazacorte.es\/de\/#website\",\"url\":\"https:\/\/turismotazacorte.es\/de\/\",\"name\":\"Tazacorte Tourismus\",\"description\":\"Web Tur&iacute;stica Tazacorte\",\"publisher\":{\"@id\":\"https:\/\/turismotazacorte.es\/de\/#organization\"},\"potentialAction\":[{\"@type\":\"SearchAction\",\"target\":{\"@type\":\"EntryPoint\",\"urlTemplate\":\"https:\/\/turismotazacorte.es\/de\/?s={search_term_string}\"},\"query-input\":{\"@type\":\"PropertyValueSpecification\",\"valueRequired\":true,\"valueName\":\"search_term_string\"}}],\"inLanguage\":\"de\"},{\"@type\":\"Organization\",\"@id\":\"https:\/\/turismotazacorte.es\/de\/#organization\",\"name\":\"Tazacorte Tourismus\",\"url\":\"https:\/\/turismotazacorte.es\/de\/\",\"logo\":{\"@type\":\"ImageObject\",\"inLanguage\":\"de\",\"@id\":\"https:\/\/turismotazacorte.es\/de\/#\/schema\/logo\/image\/\",\"url\":\"https:\/\/turismotazacorte.es\/wp-content\/uploads\/2025\/09\/Logotipo-Turismo-Tazacorte-1.png\",\"contentUrl\":\"https:\/\/turismotazacorte.es\/wp-content\/uploads\/2025\/09\/Logotipo-Turismo-Tazacorte-1.png\",\"width\":600,\"height\":275,\"caption\":\"Tazacorte Tourismus\"},\"image\":{\"@id\":\"https:\/\/turismotazacorte.es\/de\/#\/schema\/logo\/image\/\"}}]}<\/script>\n<!-- \/ Yoast SEO plugin. -->","yoast_head_json":{"title":"Rechtlicher Hinweis - Tazacorte Tourismus","robots":{"index":"index","follow":"follow","max-snippet":"max-snippet:-1","max-image-preview":"max-image-preview:large","max-video-preview":"max-video-preview:-1"},"canonical":"https:\/\/turismotazacorte.es\/de\/rechtlicher-hinweis-2\/","og_locale":"de_DE","og_type":"article","og_title":"Rechtlicher Hinweis - Tazacorte Tourismus","og_description":"El uso de la informaci\u00f3n contenida en este sitio web implica la aceptaci\u00f3n de los t\u00e9rminos detallados en este aviso legal Allgemeine Nutzungsbedingungen der kommunalen Webportale Der Zugang zu den [&hellip;]","og_url":"https:\/\/turismotazacorte.es\/de\/rechtlicher-hinweis-2\/","og_site_name":"Tazacorte Tourismus","article_modified_time":"2025-12-22T17:15:49+00:00","twitter_card":"summary_large_image","twitter_misc":{"Gesch\u00e4tzte Lesezeit":"3\u00a0Minuten"},"schema":{"@context":"https:\/\/schema.org","@graph":[{"@type":"WebPage","@id":"https:\/\/turismotazacorte.es\/de\/rechtlicher-hinweis-2\/","url":"https:\/\/turismotazacorte.es\/de\/rechtlicher-hinweis-2\/","name":"Rechtlicher Hinweis - Tazacorte Tourismus","isPartOf":{"@id":"https:\/\/turismotazacorte.es\/de\/#website"},"datePublished":"2025-12-22T17:04:23+00:00","dateModified":"2025-12-22T17:15:49+00:00","breadcrumb":{"@id":"https:\/\/turismotazacorte.es\/de\/rechtlicher-hinweis-2\/#breadcrumb"},"inLanguage":"de","potentialAction":[{"@type":"ReadAction","target":["https:\/\/turismotazacorte.es\/de\/rechtlicher-hinweis-2\/"]}]},{"@type":"BreadcrumbList","@id":"https:\/\/turismotazacorte.es\/de\/rechtlicher-hinweis-2\/#breadcrumb","itemListElement":[{"@type":"ListItem","position":1,"name":"Startseite","item":"https:\/\/myblog-qvxlqmxys2.live-website.com\/de\/startseite\/"},{"@type":"ListItem","position":2,"name":"Rechtlicher Hinweis"}]},{"@type":"WebSite","@id":"https:\/\/turismotazacorte.es\/de\/#website","url":"https:\/\/turismotazacorte.es\/de\/","name":"Tazacorte Tourismus","description":"Web Tur&iacute;stica Tazacorte","publisher":{"@id":"https:\/\/turismotazacorte.es\/de\/#organization"},"potentialAction":[{"@type":"SearchAction","target":{"@type":"EntryPoint","urlTemplate":"https:\/\/turismotazacorte.es\/de\/?s={search_term_string}"},"query-input":{"@type":"PropertyValueSpecification","valueRequired":true,"valueName":"search_term_string"}}],"inLanguage":"de"},{"@type":"Organization","@id":"https:\/\/turismotazacorte.es\/de\/#organization","name":"Tazacorte Tourismus","url":"https:\/\/turismotazacorte.es\/de\/","logo":{"@type":"ImageObject","inLanguage":"de","@id":"https:\/\/turismotazacorte.es\/de\/#\/schema\/logo\/image\/","url":"https:\/\/turismotazacorte.es\/wp-content\/uploads\/2025\/09\/Logotipo-Turismo-Tazacorte-1.png","contentUrl":"https:\/\/turismotazacorte.es\/wp-content\/uploads\/2025\/09\/Logotipo-Turismo-Tazacorte-1.png","width":600,"height":275,"caption":"Tazacorte Tourismus"},"image":{"@id":"https:\/\/turismotazacorte.es\/de\/#\/schema\/logo\/image\/"}}]}},"_links":{"self":[{"href":"https:\/\/turismotazacorte.es\/de\/wp-json\/wp\/v2\/pages\/2595","targetHints":{"allow":["GET"]}}],"collection":[{"href":"https:\/\/turismotazacorte.es\/de\/wp-json\/wp\/v2\/pages"}],"about":[{"href":"https:\/\/turismotazacorte.es\/de\/wp-json\/wp\/v2\/types\/page"}],"author":[{"embeddable":true,"href":"https:\/\/turismotazacorte.es\/de\/wp-json\/wp\/v2\/users\/2"}],"replies":[{"embeddable":true,"href":"https:\/\/turismotazacorte.es\/de\/wp-json\/wp\/v2\/comments?post=2595"}],"version-history":[{"count":1,"href":"https:\/\/turismotazacorte.es\/de\/wp-json\/wp\/v2\/pages\/2595\/revisions"}],"predecessor-version":[{"id":2596,"href":"https:\/\/turismotazacorte.es\/de\/wp-json\/wp\/v2\/pages\/2595\/revisions\/2596"}],"wp:attachment":[{"href":"https:\/\/turismotazacorte.es\/de\/wp-json\/wp\/v2\/media?parent=2595"}],"curies":[{"name":"wp","href":"https:\/\/api.w.org\/{rel}","templated":true}]}}