{"id":2017,"date":"2025-10-14T14:36:27","date_gmt":"2025-10-14T14:36:27","guid":{"rendered":"https:\/\/turismotazacorte.es\/ueber-tazacorte\/"},"modified":"2025-12-09T10:24:24","modified_gmt":"2025-12-09T10:24:24","slug":"ueber-tazacorte","status":"publish","type":"page","link":"https:\/\/turismotazacorte.es\/de\/ueber-tazacorte\/","title":{"rendered":"\u00dcber Tazacorte"},"content":{"rendered":"\t\t<div data-elementor-type=\"wp-page\" data-elementor-id=\"2017\" class=\"elementor elementor-2017 elementor-496\" data-elementor-post-type=\"page\">\n\t\t\t\t<div class=\"elementor-element elementor-element-48a9a1c e-flex e-con-boxed e-con e-parent\" data-id=\"48a9a1c\" data-element_type=\"container\" data-settings=\"{&quot;background_background&quot;:&quot;classic&quot;}\">\n\t\t\t\t\t<div class=\"e-con-inner\">\n\t\t\t\t<div class=\"elementor-element elementor-element-9d296b2 elementor-invisible elementor-widget elementor-widget-heading\" data-id=\"9d296b2\" data-element_type=\"widget\" data-settings=\"{&quot;_animation&quot;:&quot;fadeInUp&quot;}\" data-widget_type=\"heading.default\">\n\t\t\t\t\t<h1 class=\"elementor-heading-title elementor-size-default\">\u00dcBER TAZACORTE<\/h1>\t\t\t\t<\/div>\n\t\t\t\t\t<\/div>\n\t\t\t\t<\/div>\n\t\t<div class=\"elementor-element elementor-element-140c8d8 e-flex e-con-boxed e-con e-parent\" data-id=\"140c8d8\" data-element_type=\"container\">\n\t\t\t\t\t<div class=\"e-con-inner\">\n\t\t<div class=\"elementor-element elementor-element-ed00a8c e-con-full e-flex e-con e-child\" data-id=\"ed00a8c\" data-element_type=\"container\">\n\t\t\t\t<div class=\"elementor-element elementor-element-9577b51 elementor-widget elementor-widget-heading\" data-id=\"9577b51\" data-element_type=\"widget\" data-widget_type=\"heading.default\">\n\t\t\t\t\t<h2 class=\"elementor-heading-title elementor-size-default\">Willkommen in Tazacorte<\/h2>\t\t\t\t<\/div>\n\t\t\t\t<div class=\"elementor-element elementor-element-96768f7 elementor-widget elementor-widget-text-editor\" data-id=\"96768f7\" data-element_type=\"widget\" data-widget_type=\"text-editor.default\">\n\t\t\t\t\t\t\t\t\t<p>Tazacorte liegt an der Westk\u00fcste von La Palma und ist ein Ort voller Leben, Licht und Farbe.<\/p>\t\t\t\t\t\t\t\t<\/div>\n\t\t\t\t<\/div>\n\t\t<div class=\"elementor-element elementor-element-f79d161 e-con-full e-flex e-con e-child\" data-id=\"f79d161\" data-element_type=\"container\">\n\t\t\t\t<div class=\"elementor-element elementor-element-ceca837 elementor-widget__width-initial elementor-widget-tablet__width-inherit elementor-widget elementor-widget-text-editor\" data-id=\"ceca837\" data-element_type=\"widget\" data-widget_type=\"text-editor.default\">\n\t\t\t\t\t\t\t\t\t<p>Mit mehr Sonnenstunden als jede andere Ecke Europas vereint diese Gemeinde Geschichte, Natur und Kultur in einer privilegierten Umgebung.<\/p><p>Von seinem Fischerhafen bis zu den Bananenplantagen, die die Landschaft gr\u00fcn f\u00e4rben, spiegelt jede Ecke die Essenz der Insel wider: <strong>Authentizit\u00e4t, Gastfreundschaft und nat\u00fcrliche Sch\u00f6nheit.<\/strong><\/p>\t\t\t\t\t\t\t\t<\/div>\n\t\t\t\t<\/div>\n\t\t\t\t\t<\/div>\n\t\t\t\t<\/div>\n\t\t<div class=\"elementor-element elementor-element-6c8d265 e-flex e-con-boxed elementor-invisible e-con e-parent\" data-id=\"6c8d265\" data-element_type=\"container\" data-settings=\"{&quot;animation&quot;:&quot;fadeInDown&quot;}\">\n\t\t\t\t\t<div class=\"e-con-inner\">\n\t\t<div class=\"elementor-element elementor-element-192de4c e-con-full e-flex e-con e-child\" data-id=\"192de4c\" data-element_type=\"container\" data-settings=\"{&quot;background_background&quot;:&quot;classic&quot;}\">\n\t\t\t\t<\/div>\n\t\t<div class=\"elementor-element elementor-element-39f50e9 e-con-full e-flex e-con e-child\" data-id=\"39f50e9\" data-element_type=\"container\" data-settings=\"{&quot;background_background&quot;:&quot;classic&quot;}\">\n\t\t\t\t<\/div>\n\t\t<div class=\"elementor-element elementor-element-6507ae8 e-con-full e-flex e-con e-child\" data-id=\"6507ae8\" data-element_type=\"container\" data-settings=\"{&quot;background_background&quot;:&quot;classic&quot;}\">\n\t\t\t\t<\/div>\n\t\t\t\t\t<\/div>\n\t\t\t\t<\/div>\n\t\t<div class=\"elementor-element elementor-element-b67db47 e-flex e-con-boxed e-con e-parent\" data-id=\"b67db47\" data-element_type=\"container\" data-settings=\"{&quot;background_background&quot;:&quot;classic&quot;}\">\n\t\t\t\t\t<div class=\"e-con-inner\">\n\t\t<div class=\"elementor-element elementor-element-263ebe3 e-con-full e-flex e-con e-child\" data-id=\"263ebe3\" data-element_type=\"container\">\n\t\t\t\t<div class=\"elementor-element elementor-element-0ec5d07 elementor-widget elementor-widget-heading\" data-id=\"0ec5d07\" data-element_type=\"widget\" data-widget_type=\"heading.default\">\n\t\t\t\t\t<h2 class=\"elementor-heading-title elementor-size-default\">F\u00fcnf Jahrhunderte Geschichte<\/h2>\t\t\t\t<\/div>\n\t\t\t\t<div class=\"elementor-element elementor-element-cd05529 elementor-widget__width-initial elementor-widget elementor-widget-text-editor\" data-id=\"cd05529\" data-element_type=\"widget\" data-widget_type=\"text-editor.default\">\n\t\t\t\t\t\t\t\t\t<p data-start=\"302\" data-end=\"896\">Die gepflasterten Stra\u00dfen der Altstadt bewahren die Erinnerung an die gro\u00dfen Familien, die diese Ecke ab dem 16. Jahrhundert zum Wirtschaftsmotor von La Palma machten.<\/p><p data-start=\"302\" data-end=\"896\">Hier landete Alonso Fern\u00e1ndez de Lugo im Jahr 1492 und begann die Eroberung der Insel.<\/p><p data-start=\"302\" data-end=\"896\">Kurz darauf errichtete J\u00e1come de Monteverde die Hacienda de Abajo, die wohlhabendste von La Palma, den Ursprung des Viertels El Charco und der traditionellen Architektur, die noch heute ihren urspr\u00fcnglichen Grundriss bewahrt.<\/p>\t\t\t\t\t\t\t\t<\/div>\n\t\t\t\t<div class=\"elementor-element elementor-element-3b9cfbc elementor-widget elementor-widget-button\" data-id=\"3b9cfbc\" data-element_type=\"widget\" data-widget_type=\"button.default\">\n\t\t\t\t\t\t\t\t\t\t<a class=\"elementor-button elementor-button-link elementor-size-sm\" href=\"https:\/\/turismotazacorte.es\/de\/zona\/touristische-und-kulturelle-attraktionen\/\">\n\t\t\t\t\t\t<span class=\"elementor-button-content-wrapper\">\n\t\t\t\t\t\t\t\t\t<span class=\"elementor-button-text\">ENTDECKE DIE ALTSTADT<\/span>\n\t\t\t\t\t<\/span>\n\t\t\t\t\t<\/a>\n\t\t\t\t\t\t\t\t<\/div>\n\t\t\t\t<\/div>\n\t\t<div class=\"elementor-element elementor-element-bbe7645 e-con-full e-flex e-con e-child\" data-id=\"bbe7645\" data-element_type=\"container\">\n\t\t\t\t<div class=\"elementor-element elementor-element-f781ecd elementor-invisible elementor-widget elementor-widget-image\" data-id=\"f781ecd\" data-element_type=\"widget\" data-settings=\"{&quot;_animation&quot;:&quot;fadeInRight&quot;}\" data-widget_type=\"image.default\">\n\t\t\t\t\t\t\t\t\t\t\t\t\t\t\t<img fetchpriority=\"high\" decoding=\"async\" width=\"557\" height=\"534\" src=\"https:\/\/turismotazacorte.es\/wp-content\/uploads\/2025\/10\/Historia-Tazacorte-1.jpg\" class=\"attachment-full size-full wp-image-2024\" alt=\"\" srcset=\"https:\/\/turismotazacorte.es\/wp-content\/uploads\/2025\/10\/Historia-Tazacorte-1.jpg 557w, https:\/\/turismotazacorte.es\/wp-content\/uploads\/2025\/10\/Historia-Tazacorte-1-300x288.jpg 300w\" sizes=\"(max-width: 557px) 100vw, 557px\" \/>\t\t\t\t\t\t\t\t\t\t\t\t\t\t\t<\/div>\n\t\t\t\t<\/div>\n\t\t\t\t\t<\/div>\n\t\t\t\t<\/div>\n\t\t<div class=\"elementor-element elementor-element-faceaf5 e-flex e-con-boxed e-con e-parent\" data-id=\"faceaf5\" data-element_type=\"container\">\n\t\t\t\t\t<div class=\"e-con-inner\">\n\t\t<div class=\"elementor-element elementor-element-dff0d35 e-con-full e-flex elementor-invisible e-con e-child\" data-id=\"dff0d35\" data-element_type=\"container\" data-settings=\"{&quot;animation&quot;:&quot;fadeInLeft&quot;}\">\n\t\t\t\t<div class=\"elementor-element elementor-element-5986176 elementor-widget-tablet__width-initial elementor-widget elementor-widget-image\" data-id=\"5986176\" data-element_type=\"widget\" data-widget_type=\"image.default\">\n\t\t\t\t\t\t\t\t\t\t\t\t\t\t\t<img decoding=\"async\" width=\"612\" height=\"624\" src=\"https:\/\/turismotazacorte.es\/wp-content\/uploads\/2025\/10\/Patrimonio-Tazacorte-1.png\" class=\"attachment-large size-large wp-image-2028\" alt=\"\" srcset=\"https:\/\/turismotazacorte.es\/wp-content\/uploads\/2025\/10\/Patrimonio-Tazacorte-1.png 612w, https:\/\/turismotazacorte.es\/wp-content\/uploads\/2025\/10\/Patrimonio-Tazacorte-1-294x300.png 294w\" sizes=\"(max-width: 612px) 100vw, 612px\" \/>\t\t\t\t\t\t\t\t\t\t\t\t\t\t\t<\/div>\n\t\t\t\t<\/div>\n\t\t<div class=\"elementor-element elementor-element-2c41961 e-con-full e-flex e-con e-child\" data-id=\"2c41961\" data-element_type=\"container\">\n\t\t\t\t<div class=\"elementor-element elementor-element-60bab25 elementor-widget elementor-widget-heading\" data-id=\"60bab25\" data-element_type=\"widget\" data-widget_type=\"heading.default\">\n\t\t\t\t\t<h2 class=\"elementor-heading-title elementor-size-default\">Ein Dorf mit eigener Seele<\/h2>\t\t\t\t<\/div>\n\t\t\t\t<div class=\"elementor-element elementor-element-2356c46 elementor-widget elementor-widget-text-editor\" data-id=\"2356c46\" data-element_type=\"widget\" data-widget_type=\"text-editor.default\">\n\t\t\t\t\t\t\t\t\t<p>Hier verl\u00e4uft das Leben im Rhythmus des Meeres, dem Duft von Kaffee und dem Geschmack von Mojo.<\/p>\t\t\t\t\t\t\t\t<\/div>\n\t\t\t\t<div class=\"elementor-element elementor-element-887e1ec elementor-widget__width-initial elementor-widget elementor-widget-text-editor\" data-id=\"887e1ec\" data-element_type=\"widget\" data-widget_type=\"text-editor.default\">\n\t\t\t\t\t\t\t\t\t<p data-start=\"302\" data-end=\"896\">Die Baga\u00f1etes, wie ihre Einwohner liebevoll genannt werden, bewahren eine starke und fr\u00f6hliche Identit\u00e4t.<\/p><p data-start=\"302\" data-end=\"896\">Feste wie die Caballos Fufos, die Virgen del Carmen oder die Fiesta de la Morena spiegeln den offenen, kreativen und musikalischen Charakter von Tazacorte wider.<\/p>\t\t\t\t\t\t\t\t<\/div>\n\t\t\t\t<div class=\"elementor-element elementor-element-99bdbbe elementor-widget elementor-widget-button\" data-id=\"99bdbbe\" data-element_type=\"widget\" data-widget_type=\"button.default\">\n\t\t\t\t\t\t\t\t\t\t<a class=\"elementor-button elementor-button-link elementor-size-sm\" href=\"https:\/\/turismotazacorte.es\/de\/kultur-und-traditionen\/\">\n\t\t\t\t\t\t<span class=\"elementor-button-content-wrapper\">\n\t\t\t\t\t\t\t\t\t<span class=\"elementor-button-text\">LERNEN SIE DIE KULTUR UND DIE TRADITIONEN KENNEN<\/span>\n\t\t\t\t\t<\/span>\n\t\t\t\t\t<\/a>\n\t\t\t\t\t\t\t\t<\/div>\n\t\t\t\t<\/div>\n\t\t\t\t\t<\/div>\n\t\t\t\t<\/div>\n\t\t<div class=\"elementor-element elementor-element-c8c88e3 e-flex e-con-boxed e-con e-parent\" data-id=\"c8c88e3\" data-element_type=\"container\" data-settings=\"{&quot;background_background&quot;:&quot;classic&quot;}\">\n\t\t\t\t\t<div class=\"e-con-inner\">\n\t\t<div class=\"elementor-element elementor-element-19ebdc3 e-con-full e-flex e-con e-child\" data-id=\"19ebdc3\" data-element_type=\"container\">\n\t\t\t\t<div class=\"elementor-element elementor-element-4a9b153 elementor-widget elementor-widget-heading\" data-id=\"4a9b153\" data-element_type=\"widget\" data-widget_type=\"heading.default\">\n\t\t\t\t\t<h2 class=\"elementor-heading-title elementor-size-default\">Zwischen dem Meer und der Caldera<\/h2>\t\t\t\t<\/div>\n\t\t\t\t<div class=\"elementor-element elementor-element-1458748 elementor-widget__width-initial elementor-widget elementor-widget-text-editor\" data-id=\"1458748\" data-element_type=\"widget\" data-widget_type=\"text-editor.default\">\n\t\t\t\t\t\t\t\t\t<p data-start=\"302\" data-end=\"896\">Tazacorte ist das nat\u00fcrliche Tor zur <strong>Barranco de las Angustias<\/strong>, dem Eingang zum <strong>Nationalpark Caldera de Taburiente<\/strong>.<\/p><p data-start=\"302\" data-end=\"896\">Seine Str\u00e4nde mit vulkanischem Sand, seine Routen zwischen Bananenplantagen und seine endlosen Sonnenunterg\u00e4nge machen diese Gemeinde zu einem Paradies f\u00fcr diejenigen, die abschalten und sich wieder mit der Natur verbinden m\u00f6chten.<\/p>\t\t\t\t\t\t\t\t<\/div>\n\t\t\t\t<div class=\"elementor-element elementor-element-0a140ca elementor-widget elementor-widget-button\" data-id=\"0a140ca\" data-element_type=\"widget\" data-widget_type=\"button.default\">\n\t\t\t\t\t\t\t\t\t\t<a class=\"elementor-button elementor-button-link elementor-size-sm\" href=\"https:\/\/turismotazacorte.es\/de\/straende-und-natur\/\">\n\t\t\t\t\t\t<span class=\"elementor-button-content-wrapper\">\n\t\t\t\t\t\t\t\t\t<span class=\"elementor-button-text\">ENTDECKE DIE GANZE NATUR<\/span>\n\t\t\t\t\t<\/span>\n\t\t\t\t\t<\/a>\n\t\t\t\t\t\t\t\t<\/div>\n\t\t\t\t<\/div>\n\t\t<div class=\"elementor-element elementor-element-1757a01 e-con-full elementor-hidden-tablet e-flex e-con e-child\" data-id=\"1757a01\" data-element_type=\"container\">\n\t\t\t\t<div class=\"elementor-element elementor-element-52b3849 elementor-invisible elementor-widget elementor-widget-image\" data-id=\"52b3849\" data-element_type=\"widget\" data-settings=\"{&quot;_animation&quot;:&quot;fadeInRight&quot;}\" data-widget_type=\"image.default\">\n\t\t\t\t\t\t\t\t\t\t\t\t\t\t\t<img decoding=\"async\" width=\"557\" height=\"557\" src=\"https:\/\/turismotazacorte.es\/wp-content\/uploads\/2025\/10\/sobre-tazacorte.jpg\" class=\"attachment-full size-full wp-image-2029\" alt=\"\" srcset=\"https:\/\/turismotazacorte.es\/wp-content\/uploads\/2025\/10\/sobre-tazacorte.jpg 557w, https:\/\/turismotazacorte.es\/wp-content\/uploads\/2025\/10\/sobre-tazacorte-300x300.jpg 300w, https:\/\/turismotazacorte.es\/wp-content\/uploads\/2025\/10\/sobre-tazacorte-150x150.jpg 150w\" sizes=\"(max-width: 557px) 100vw, 557px\" \/>\t\t\t\t\t\t\t\t\t\t\t\t\t\t\t<\/div>\n\t\t\t\t<\/div>\n\t\t\t\t\t<\/div>\n\t\t\t\t<\/div>\n\t\t<div class=\"elementor-element elementor-element-c4a2f5d e-flex e-con-boxed elementor-invisible e-con e-parent\" data-id=\"c4a2f5d\" data-element_type=\"container\" data-settings=\"{&quot;animation&quot;:&quot;fadeInUp&quot;}\">\n\t\t\t\t\t<div class=\"e-con-inner\">\n\t\t<div class=\"elementor-element elementor-element-a8bbef2 e-con-full e-flex e-con e-child\" data-id=\"a8bbef2\" data-element_type=\"container\" data-settings=\"{&quot;background_background&quot;:&quot;classic&quot;}\">\n\t\t\t\t<\/div>\n\t\t<div class=\"elementor-element elementor-element-4b727e4 e-con-full e-flex e-con e-child\" data-id=\"4b727e4\" data-element_type=\"container\" data-settings=\"{&quot;background_background&quot;:&quot;classic&quot;}\">\n\t\t\t\t<\/div>\n\t\t<div class=\"elementor-element elementor-element-1c7f0df e-con-full e-flex e-con e-child\" data-id=\"1c7f0df\" data-element_type=\"container\" data-settings=\"{&quot;background_background&quot;:&quot;classic&quot;}\">\n\t\t\t\t<\/div>\n\t\t\t\t\t<\/div>\n\t\t\t\t<\/div>\n\t\t\t\t<\/div>\n\t\t","protected":false},"excerpt":{"rendered":"<p>\u00dcBER TAZACORTE Willkommen in Tazacorte Tazacorte liegt an der Westk\u00fcste von La Palma und ist ein Ort voller Leben, Licht und Farbe. Mit mehr Sonnenstunden als jede andere Ecke Europas [&hellip;]<\/p>\n","protected":false},"author":2,"featured_media":0,"parent":0,"menu_order":0,"comment_status":"closed","ping_status":"closed","template":"","meta":{"_acf_changed":false,"footnotes":""},"class_list":["post-2017","page","type-page","status-publish","hentry"],"acf":[],"yoast_head":"<!-- This site is optimized with the Yoast SEO plugin v26.6 - https:\/\/yoast.com\/wordpress\/plugins\/seo\/ -->\n<title>\u00dcber Tazacorte - Tazacorte Tourismus<\/title>\n<meta name=\"description\" content=\"\u00dcber Tazacorte: Identit\u00e4t, Kulturerbe, vulkanische Landschaften und lokales Leben an einem Ort voller Geschichte, Sonne und Kultur in La Palma\" \/>\n<meta name=\"robots\" content=\"index, follow, max-snippet:-1, max-image-preview:large, max-video-preview:-1\" \/>\n<link rel=\"canonical\" href=\"https:\/\/turismotazacorte.es\/de\/ueber-tazacorte\/\" \/>\n<meta property=\"og:locale\" content=\"de_DE\" \/>\n<meta property=\"og:type\" content=\"article\" \/>\n<meta property=\"og:title\" content=\"\u00dcber Tazacorte - Tazacorte Tourismus\" \/>\n<meta property=\"og:description\" content=\"\u00dcber Tazacorte: Identit\u00e4t, Kulturerbe, vulkanische Landschaften und lokales Leben an einem Ort voller Geschichte, Sonne und Kultur in La Palma\" \/>\n<meta property=\"og:url\" content=\"https:\/\/turismotazacorte.es\/de\/ueber-tazacorte\/\" \/>\n<meta property=\"og:site_name\" content=\"Tazacorte Tourismus\" \/>\n<meta property=\"article:modified_time\" content=\"2025-12-09T10:24:24+00:00\" \/>\n<meta property=\"og:image\" content=\"https:\/\/turismotazacorte.es\/wp-content\/uploads\/2025\/10\/Historia-Tazacorte-1.jpg\" \/>\n\t<meta property=\"og:image:width\" content=\"557\" \/>\n\t<meta property=\"og:image:height\" content=\"534\" \/>\n\t<meta property=\"og:image:type\" content=\"image\/jpeg\" \/>\n<meta name=\"twitter:card\" content=\"summary_large_image\" \/>\n<meta name=\"twitter:label1\" content=\"Gesch\u00e4tzte Lesezeit\" \/>\n\t<meta name=\"twitter:data1\" content=\"1\u00a0Minute\" \/>\n<script type=\"application\/ld+json\" class=\"yoast-schema-graph\">{\"@context\":\"https:\/\/schema.org\",\"@graph\":[{\"@type\":\"WebPage\",\"@id\":\"https:\/\/turismotazacorte.es\/de\/ueber-tazacorte\/\",\"url\":\"https:\/\/turismotazacorte.es\/de\/ueber-tazacorte\/\",\"name\":\"\u00dcber Tazacorte - Tazacorte Tourismus\",\"isPartOf\":{\"@id\":\"https:\/\/turismotazacorte.es\/de\/#website\"},\"primaryImageOfPage\":{\"@id\":\"https:\/\/turismotazacorte.es\/de\/ueber-tazacorte\/#primaryimage\"},\"image\":{\"@id\":\"https:\/\/turismotazacorte.es\/de\/ueber-tazacorte\/#primaryimage\"},\"thumbnailUrl\":\"https:\/\/turismotazacorte.es\/wp-content\/uploads\/2025\/10\/Historia-Tazacorte-1.jpg\",\"datePublished\":\"2025-10-14T14:36:27+00:00\",\"dateModified\":\"2025-12-09T10:24:24+00:00\",\"description\":\"\u00dcber Tazacorte: Identit\u00e4t, Kulturerbe, vulkanische Landschaften und lokales Leben an einem Ort voller Geschichte, Sonne und Kultur in La Palma\",\"breadcrumb\":{\"@id\":\"https:\/\/turismotazacorte.es\/de\/ueber-tazacorte\/#breadcrumb\"},\"inLanguage\":\"de\",\"potentialAction\":[{\"@type\":\"ReadAction\",\"target\":[\"https:\/\/turismotazacorte.es\/de\/ueber-tazacorte\/\"]}]},{\"@type\":\"ImageObject\",\"inLanguage\":\"de\",\"@id\":\"https:\/\/turismotazacorte.es\/de\/ueber-tazacorte\/#primaryimage\",\"url\":\"https:\/\/turismotazacorte.es\/wp-content\/uploads\/2025\/10\/Historia-Tazacorte-1.jpg\",\"contentUrl\":\"https:\/\/turismotazacorte.es\/wp-content\/uploads\/2025\/10\/Historia-Tazacorte-1.jpg\"},{\"@type\":\"BreadcrumbList\",\"@id\":\"https:\/\/turismotazacorte.es\/de\/ueber-tazacorte\/#breadcrumb\",\"itemListElement\":[{\"@type\":\"ListItem\",\"position\":1,\"name\":\"Startseite\",\"item\":\"https:\/\/myblog-qvxlqmxys2.live-website.com\/de\/startseite\/\"},{\"@type\":\"ListItem\",\"position\":2,\"name\":\"\u00dcber Tazacorte\"}]},{\"@type\":\"WebSite\",\"@id\":\"https:\/\/turismotazacorte.es\/de\/#website\",\"url\":\"https:\/\/turismotazacorte.es\/de\/\",\"name\":\"Tazacorte Tourismus\",\"description\":\"Web Tur&iacute;stica Tazacorte\",\"publisher\":{\"@id\":\"https:\/\/turismotazacorte.es\/de\/#organization\"},\"potentialAction\":[{\"@type\":\"SearchAction\",\"target\":{\"@type\":\"EntryPoint\",\"urlTemplate\":\"https:\/\/turismotazacorte.es\/de\/?s={search_term_string}\"},\"query-input\":{\"@type\":\"PropertyValueSpecification\",\"valueRequired\":true,\"valueName\":\"search_term_string\"}}],\"inLanguage\":\"de\"},{\"@type\":\"Organization\",\"@id\":\"https:\/\/turismotazacorte.es\/de\/#organization\",\"name\":\"Tazacorte Tourismus\",\"url\":\"https:\/\/turismotazacorte.es\/de\/\",\"logo\":{\"@type\":\"ImageObject\",\"inLanguage\":\"de\",\"@id\":\"https:\/\/turismotazacorte.es\/de\/#\/schema\/logo\/image\/\",\"url\":\"https:\/\/turismotazacorte.es\/wp-content\/uploads\/2025\/09\/Logotipo-Turismo-Tazacorte-1.png\",\"contentUrl\":\"https:\/\/turismotazacorte.es\/wp-content\/uploads\/2025\/09\/Logotipo-Turismo-Tazacorte-1.png\",\"width\":600,\"height\":275,\"caption\":\"Tazacorte Tourismus\"},\"image\":{\"@id\":\"https:\/\/turismotazacorte.es\/de\/#\/schema\/logo\/image\/\"}}]}<\/script>\n<!-- \/ Yoast SEO plugin. -->","yoast_head_json":{"title":"\u00dcber Tazacorte - Tazacorte Tourismus","description":"\u00dcber Tazacorte: Identit\u00e4t, Kulturerbe, vulkanische Landschaften und lokales Leben an einem Ort voller Geschichte, Sonne und Kultur in La Palma","robots":{"index":"index","follow":"follow","max-snippet":"max-snippet:-1","max-image-preview":"max-image-preview:large","max-video-preview":"max-video-preview:-1"},"canonical":"https:\/\/turismotazacorte.es\/de\/ueber-tazacorte\/","og_locale":"de_DE","og_type":"article","og_title":"\u00dcber Tazacorte - Tazacorte Tourismus","og_description":"\u00dcber Tazacorte: Identit\u00e4t, Kulturerbe, vulkanische Landschaften und lokales Leben an einem Ort voller Geschichte, Sonne und Kultur in La Palma","og_url":"https:\/\/turismotazacorte.es\/de\/ueber-tazacorte\/","og_site_name":"Tazacorte Tourismus","article_modified_time":"2025-12-09T10:24:24+00:00","og_image":[{"width":557,"height":534,"url":"https:\/\/turismotazacorte.es\/wp-content\/uploads\/2025\/10\/Historia-Tazacorte-1.jpg","type":"image\/jpeg"}],"twitter_card":"summary_large_image","twitter_misc":{"Gesch\u00e4tzte Lesezeit":"1\u00a0Minute"},"schema":{"@context":"https:\/\/schema.org","@graph":[{"@type":"WebPage","@id":"https:\/\/turismotazacorte.es\/de\/ueber-tazacorte\/","url":"https:\/\/turismotazacorte.es\/de\/ueber-tazacorte\/","name":"\u00dcber Tazacorte - Tazacorte Tourismus","isPartOf":{"@id":"https:\/\/turismotazacorte.es\/de\/#website"},"primaryImageOfPage":{"@id":"https:\/\/turismotazacorte.es\/de\/ueber-tazacorte\/#primaryimage"},"image":{"@id":"https:\/\/turismotazacorte.es\/de\/ueber-tazacorte\/#primaryimage"},"thumbnailUrl":"https:\/\/turismotazacorte.es\/wp-content\/uploads\/2025\/10\/Historia-Tazacorte-1.jpg","datePublished":"2025-10-14T14:36:27+00:00","dateModified":"2025-12-09T10:24:24+00:00","description":"\u00dcber Tazacorte: Identit\u00e4t, Kulturerbe, vulkanische Landschaften und lokales Leben an einem Ort voller Geschichte, Sonne und Kultur in La Palma","breadcrumb":{"@id":"https:\/\/turismotazacorte.es\/de\/ueber-tazacorte\/#breadcrumb"},"inLanguage":"de","potentialAction":[{"@type":"ReadAction","target":["https:\/\/turismotazacorte.es\/de\/ueber-tazacorte\/"]}]},{"@type":"ImageObject","inLanguage":"de","@id":"https:\/\/turismotazacorte.es\/de\/ueber-tazacorte\/#primaryimage","url":"https:\/\/turismotazacorte.es\/wp-content\/uploads\/2025\/10\/Historia-Tazacorte-1.jpg","contentUrl":"https:\/\/turismotazacorte.es\/wp-content\/uploads\/2025\/10\/Historia-Tazacorte-1.jpg"},{"@type":"BreadcrumbList","@id":"https:\/\/turismotazacorte.es\/de\/ueber-tazacorte\/#breadcrumb","itemListElement":[{"@type":"ListItem","position":1,"name":"Startseite","item":"https:\/\/myblog-qvxlqmxys2.live-website.com\/de\/startseite\/"},{"@type":"ListItem","position":2,"name":"\u00dcber Tazacorte"}]},{"@type":"WebSite","@id":"https:\/\/turismotazacorte.es\/de\/#website","url":"https:\/\/turismotazacorte.es\/de\/","name":"Tazacorte Tourismus","description":"Web Tur&iacute;stica Tazacorte","publisher":{"@id":"https:\/\/turismotazacorte.es\/de\/#organization"},"potentialAction":[{"@type":"SearchAction","target":{"@type":"EntryPoint","urlTemplate":"https:\/\/turismotazacorte.es\/de\/?s={search_term_string}"},"query-input":{"@type":"PropertyValueSpecification","valueRequired":true,"valueName":"search_term_string"}}],"inLanguage":"de"},{"@type":"Organization","@id":"https:\/\/turismotazacorte.es\/de\/#organization","name":"Tazacorte Tourismus","url":"https:\/\/turismotazacorte.es\/de\/","logo":{"@type":"ImageObject","inLanguage":"de","@id":"https:\/\/turismotazacorte.es\/de\/#\/schema\/logo\/image\/","url":"https:\/\/turismotazacorte.es\/wp-content\/uploads\/2025\/09\/Logotipo-Turismo-Tazacorte-1.png","contentUrl":"https:\/\/turismotazacorte.es\/wp-content\/uploads\/2025\/09\/Logotipo-Turismo-Tazacorte-1.png","width":600,"height":275,"caption":"Tazacorte Tourismus"},"image":{"@id":"https:\/\/turismotazacorte.es\/de\/#\/schema\/logo\/image\/"}}]}},"_links":{"self":[{"href":"https:\/\/turismotazacorte.es\/de\/wp-json\/wp\/v2\/pages\/2017","targetHints":{"allow":["GET"]}}],"collection":[{"href":"https:\/\/turismotazacorte.es\/de\/wp-json\/wp\/v2\/pages"}],"about":[{"href":"https:\/\/turismotazacorte.es\/de\/wp-json\/wp\/v2\/types\/page"}],"author":[{"embeddable":true,"href":"https:\/\/turismotazacorte.es\/de\/wp-json\/wp\/v2\/users\/2"}],"replies":[{"embeddable":true,"href":"https:\/\/turismotazacorte.es\/de\/wp-json\/wp\/v2\/comments?post=2017"}],"version-history":[{"count":2,"href":"https:\/\/turismotazacorte.es\/de\/wp-json\/wp\/v2\/pages\/2017\/revisions"}],"predecessor-version":[{"id":2538,"href":"https:\/\/turismotazacorte.es\/de\/wp-json\/wp\/v2\/pages\/2017\/revisions\/2538"}],"wp:attachment":[{"href":"https:\/\/turismotazacorte.es\/de\/wp-json\/wp\/v2\/media?parent=2017"}],"curies":[{"name":"wp","href":"https:\/\/api.w.org\/{rel}","templated":true}]}}