{"id":1970,"date":"2025-10-16T06:40:14","date_gmt":"2025-10-16T06:40:14","guid":{"rendered":"https:\/\/turismotazacorte.es\/reisefuehrer\/"},"modified":"2025-12-02T16:39:02","modified_gmt":"2025-12-02T16:39:02","slug":"reisefuehrer","status":"publish","type":"page","link":"https:\/\/turismotazacorte.es\/de\/reisefuehrer\/","title":{"rendered":"Reisef\u00fchrer"},"content":{"rendered":"\t\t<div data-elementor-type=\"wp-page\" data-elementor-id=\"1970\" class=\"elementor elementor-1970 elementor-717\" data-elementor-post-type=\"page\">\n\t\t\t\t<div class=\"elementor-element elementor-element-aaeabaf e-flex e-con-boxed e-con e-parent\" data-id=\"aaeabaf\" data-element_type=\"container\">\n\t\t\t\t\t<div class=\"e-con-inner\">\n\t\t\t\t<div class=\"elementor-element elementor-element-1b835af elementor-widget elementor-widget-heading\" data-id=\"1b835af\" data-element_type=\"widget\" data-widget_type=\"heading.default\">\n\t\t\t\t\t<h1 class=\"elementor-heading-title elementor-size-default\">Laden Sie den offiziellen Touristenf\u00fchrer von Tazacorte herunter<\/h1>\t\t\t\t<\/div>\n\t\t\t\t<div class=\"elementor-element elementor-element-cbdfcd5 elementor-widget__width-initial elementor-widget elementor-widget-text-editor\" data-id=\"cbdfcd5\" data-element_type=\"widget\" data-widget_type=\"text-editor.default\">\n\t\t\t\t\t\t\t\t\t<p data-start=\"302\" data-end=\"896\">Routen, Karten, Geschichte, Feste, Wanderwege und lokale Tipps.<\/p>\t\t\t\t\t\t\t\t<\/div>\n\t\t\t\t\t<\/div>\n\t\t\t\t<\/div>\n\t\t<div class=\"elementor-element elementor-element-a197dcf e-flex e-con-boxed e-con e-parent\" data-id=\"a197dcf\" data-element_type=\"container\">\n\t\t\t\t\t<div class=\"e-con-inner\">\n\t\t<div class=\"elementor-element elementor-element-26d9260 e-con-full e-flex e-con e-child\" data-id=\"26d9260\" data-element_type=\"container\">\n\t\t\t\t<div class=\"elementor-element elementor-element-5c22a9f elementor-widget elementor-widget-image\" data-id=\"5c22a9f\" data-element_type=\"widget\" data-widget_type=\"image.default\">\n\t\t\t\t\t\t\t\t\t\t\t\t\t\t\t\t<a href=\"https:\/\/turismotazacorte.es\/wp-content\/uploads\/2025\/10\/GUIA-TAZACORTE-CULTURAL-2014-1.pdf\">\n\t\t\t\t\t\t\t<img fetchpriority=\"high\" decoding=\"async\" width=\"665\" height=\"1024\" src=\"https:\/\/turismotazacorte.es\/wp-content\/uploads\/2025\/10\/GUIA-TAZACORTE-CULTURAL-2014-1_pages-to-jpg-0001-665x1024.jpg\" class=\"attachment-large size-large wp-image-1971\" alt=\"\" srcset=\"https:\/\/turismotazacorte.es\/wp-content\/uploads\/2025\/10\/GUIA-TAZACORTE-CULTURAL-2014-1_pages-to-jpg-0001-665x1024.jpg 665w, https:\/\/turismotazacorte.es\/wp-content\/uploads\/2025\/10\/GUIA-TAZACORTE-CULTURAL-2014-1_pages-to-jpg-0001-195x300.jpg 195w, https:\/\/turismotazacorte.es\/wp-content\/uploads\/2025\/10\/GUIA-TAZACORTE-CULTURAL-2014-1_pages-to-jpg-0001.jpg 768w\" sizes=\"(max-width: 665px) 100vw, 665px\" \/>\t\t\t\t\t\t\t\t<\/a>\n\t\t\t\t\t\t\t\t\t\t\t\t\t\t\t<\/div>\n\t\t\t\t<\/div>\n\t\t<div class=\"elementor-element elementor-element-0f3a7b1 e-con-full e-flex e-con e-child\" data-id=\"0f3a7b1\" data-element_type=\"container\">\n\t\t\t\t<div class=\"elementor-element elementor-element-05533da elementor-widget elementor-widget-image\" data-id=\"05533da\" data-element_type=\"widget\" data-widget_type=\"image.default\">\n\t\t\t\t\t\t\t\t\t\t\t\t\t\t\t\t<a href=\"https:\/\/turismotazacorte.es\/wp-content\/uploads\/2025\/10\/guia_tazacorte_web-1.pdf\">\n\t\t\t\t\t\t\t<img decoding=\"async\" width=\"587\" height=\"899\" src=\"https:\/\/turismotazacorte.es\/wp-content\/uploads\/2025\/10\/Guia-turistica-Tazacorte-1.jpg\" class=\"attachment-large size-large wp-image-1973\" alt=\"\" srcset=\"https:\/\/turismotazacorte.es\/wp-content\/uploads\/2025\/10\/Guia-turistica-Tazacorte-1.jpg 587w, https:\/\/turismotazacorte.es\/wp-content\/uploads\/2025\/10\/Guia-turistica-Tazacorte-1-196x300.jpg 196w\" sizes=\"(max-width: 587px) 100vw, 587px\" \/>\t\t\t\t\t\t\t\t<\/a>\n\t\t\t\t\t\t\t\t\t\t\t\t\t\t\t<\/div>\n\t\t\t\t<\/div>\n\t\t<div class=\"elementor-element elementor-element-fc3ebfa e-con-full e-flex e-con e-child\" data-id=\"fc3ebfa\" data-element_type=\"container\">\n\t\t\t\t<div class=\"elementor-element elementor-element-1b1d094 elementor-widget elementor-widget-image\" data-id=\"1b1d094\" data-element_type=\"widget\" data-widget_type=\"image.default\">\n\t\t\t\t\t\t\t\t\t\t\t\t\t\t\t\t<a href=\"https:\/\/turismotazacorte.es\/wp-content\/uploads\/2025\/10\/GUIA-puerto-tazacorte-1-1.jpg\" data-elementor-open-lightbox=\"yes\" data-e-action-hash=\"#elementor-action%3Aaction%3Dlightbox%26settings%3DeyJpZCI6MTk3NCwidXJsIjoiaHR0cHM6XC9cL3R1cmlzbW90YXphY29ydGUuZXNcL3dwLWNvbnRlbnRcL3VwbG9hZHNcLzIwMjVcLzEwXC9HVUlBLXB1ZXJ0by10YXphY29ydGUtMS0xLmpwZyJ9\">\n\t\t\t\t\t\t\t<img decoding=\"async\" width=\"666\" height=\"1024\" src=\"https:\/\/turismotazacorte.es\/wp-content\/uploads\/2025\/10\/GUIA-puerto-tazacorte-1-1.jpg\" class=\"attachment-large size-large wp-image-1974\" alt=\"\" \/>\t\t\t\t\t\t\t\t<\/a>\n\t\t\t\t\t\t\t\t\t\t\t\t\t\t\t<\/div>\n\t\t\t\t<\/div>\n\t\t\t\t\t<\/div>\n\t\t\t\t<\/div>\n\t\t\t\t<\/div>\n\t\t","protected":false},"excerpt":{"rendered":"<p>Laden Sie den offiziellen Touristenf\u00fchrer von Tazacorte herunter Routen, Karten, Geschichte, Feste, Wanderwege und lokale Tipps.<\/p>\n","protected":false},"author":2,"featured_media":0,"parent":0,"menu_order":0,"comment_status":"closed","ping_status":"closed","template":"","meta":{"_acf_changed":false,"footnotes":""},"class_list":["post-1970","page","type-page","status-publish","hentry"],"acf":[],"yoast_head":"<!-- This site is optimized with the Yoast SEO plugin v26.6 - https:\/\/yoast.com\/wordpress\/plugins\/seo\/ -->\n<title>Reisef\u00fchrer - Tazacorte Tourismus<\/title>\n<meta name=\"description\" content=\"Laden Sie die Touristenf\u00fchrer von Tazacorte herunter: Karten, Routen, Geschichte, Str\u00e4nde, Kulturerbe und lokale Tipps, um La Palma zu entdecken.\" \/>\n<meta name=\"robots\" content=\"index, follow, max-snippet:-1, max-image-preview:large, max-video-preview:-1\" \/>\n<link rel=\"canonical\" href=\"https:\/\/turismotazacorte.es\/de\/reisefuehrer\/\" \/>\n<meta property=\"og:locale\" content=\"de_DE\" \/>\n<meta property=\"og:type\" content=\"article\" \/>\n<meta property=\"og:title\" content=\"Reisef\u00fchrer - Tazacorte Tourismus\" \/>\n<meta property=\"og:description\" content=\"Laden Sie die Touristenf\u00fchrer von Tazacorte herunter: Karten, Routen, Geschichte, Str\u00e4nde, Kulturerbe und lokale Tipps, um La Palma zu entdecken.\" \/>\n<meta property=\"og:url\" content=\"https:\/\/turismotazacorte.es\/de\/reisefuehrer\/\" \/>\n<meta property=\"og:site_name\" content=\"Tazacorte Tourismus\" \/>\n<meta property=\"article:modified_time\" content=\"2025-12-02T16:39:02+00:00\" \/>\n<meta property=\"og:image\" content=\"https:\/\/turismotazacorte.es\/wp-content\/uploads\/2025\/10\/GUIA-TAZACORTE-CULTURAL-2014-1_pages-to-jpg-0001.jpg\" \/>\n\t<meta property=\"og:image:width\" content=\"768\" \/>\n\t<meta property=\"og:image:height\" content=\"1182\" \/>\n\t<meta property=\"og:image:type\" content=\"image\/jpeg\" \/>\n<meta name=\"twitter:card\" content=\"summary_large_image\" \/>\n<script type=\"application\/ld+json\" class=\"yoast-schema-graph\">{\"@context\":\"https:\/\/schema.org\",\"@graph\":[{\"@type\":\"WebPage\",\"@id\":\"https:\/\/turismotazacorte.es\/de\/reisefuehrer\/\",\"url\":\"https:\/\/turismotazacorte.es\/de\/reisefuehrer\/\",\"name\":\"Reisef\u00fchrer - Tazacorte Tourismus\",\"isPartOf\":{\"@id\":\"https:\/\/turismotazacorte.es\/de\/#website\"},\"primaryImageOfPage\":{\"@id\":\"https:\/\/turismotazacorte.es\/de\/reisefuehrer\/#primaryimage\"},\"image\":{\"@id\":\"https:\/\/turismotazacorte.es\/de\/reisefuehrer\/#primaryimage\"},\"thumbnailUrl\":\"https:\/\/turismotazacorte.es\/wp-content\/uploads\/2025\/10\/GUIA-TAZACORTE-CULTURAL-2014-1_pages-to-jpg-0001-665x1024.jpg\",\"datePublished\":\"2025-10-16T06:40:14+00:00\",\"dateModified\":\"2025-12-02T16:39:02+00:00\",\"description\":\"Laden Sie die Touristenf\u00fchrer von Tazacorte herunter: Karten, Routen, Geschichte, Str\u00e4nde, Kulturerbe und lokale Tipps, um La Palma zu entdecken.\",\"breadcrumb\":{\"@id\":\"https:\/\/turismotazacorte.es\/de\/reisefuehrer\/#breadcrumb\"},\"inLanguage\":\"de\",\"potentialAction\":[{\"@type\":\"ReadAction\",\"target\":[\"https:\/\/turismotazacorte.es\/de\/reisefuehrer\/\"]}]},{\"@type\":\"ImageObject\",\"inLanguage\":\"de\",\"@id\":\"https:\/\/turismotazacorte.es\/de\/reisefuehrer\/#primaryimage\",\"url\":\"https:\/\/turismotazacorte.es\/wp-content\/uploads\/2025\/10\/GUIA-TAZACORTE-CULTURAL-2014-1_pages-to-jpg-0001-665x1024.jpg\",\"contentUrl\":\"https:\/\/turismotazacorte.es\/wp-content\/uploads\/2025\/10\/GUIA-TAZACORTE-CULTURAL-2014-1_pages-to-jpg-0001-665x1024.jpg\"},{\"@type\":\"BreadcrumbList\",\"@id\":\"https:\/\/turismotazacorte.es\/de\/reisefuehrer\/#breadcrumb\",\"itemListElement\":[{\"@type\":\"ListItem\",\"position\":1,\"name\":\"Startseite\",\"item\":\"https:\/\/myblog-qvxlqmxys2.live-website.com\/de\/startseite\/\"},{\"@type\":\"ListItem\",\"position\":2,\"name\":\"Reisef\u00fchrer\"}]},{\"@type\":\"WebSite\",\"@id\":\"https:\/\/turismotazacorte.es\/de\/#website\",\"url\":\"https:\/\/turismotazacorte.es\/de\/\",\"name\":\"Tazacorte Tourismus\",\"description\":\"Web Tur&iacute;stica Tazacorte\",\"publisher\":{\"@id\":\"https:\/\/turismotazacorte.es\/de\/#organization\"},\"potentialAction\":[{\"@type\":\"SearchAction\",\"target\":{\"@type\":\"EntryPoint\",\"urlTemplate\":\"https:\/\/turismotazacorte.es\/de\/?s={search_term_string}\"},\"query-input\":{\"@type\":\"PropertyValueSpecification\",\"valueRequired\":true,\"valueName\":\"search_term_string\"}}],\"inLanguage\":\"de\"},{\"@type\":\"Organization\",\"@id\":\"https:\/\/turismotazacorte.es\/de\/#organization\",\"name\":\"Tazacorte Tourismus\",\"url\":\"https:\/\/turismotazacorte.es\/de\/\",\"logo\":{\"@type\":\"ImageObject\",\"inLanguage\":\"de\",\"@id\":\"https:\/\/turismotazacorte.es\/de\/#\/schema\/logo\/image\/\",\"url\":\"https:\/\/turismotazacorte.es\/wp-content\/uploads\/2025\/09\/Logotipo-Turismo-Tazacorte-1.png\",\"contentUrl\":\"https:\/\/turismotazacorte.es\/wp-content\/uploads\/2025\/09\/Logotipo-Turismo-Tazacorte-1.png\",\"width\":600,\"height\":275,\"caption\":\"Tazacorte Tourismus\"},\"image\":{\"@id\":\"https:\/\/turismotazacorte.es\/de\/#\/schema\/logo\/image\/\"}}]}<\/script>\n<!-- \/ Yoast SEO plugin. -->","yoast_head_json":{"title":"Reisef\u00fchrer - Tazacorte Tourismus","description":"Laden Sie die Touristenf\u00fchrer von Tazacorte herunter: Karten, Routen, Geschichte, Str\u00e4nde, Kulturerbe und lokale Tipps, um La Palma zu entdecken.","robots":{"index":"index","follow":"follow","max-snippet":"max-snippet:-1","max-image-preview":"max-image-preview:large","max-video-preview":"max-video-preview:-1"},"canonical":"https:\/\/turismotazacorte.es\/de\/reisefuehrer\/","og_locale":"de_DE","og_type":"article","og_title":"Reisef\u00fchrer - Tazacorte Tourismus","og_description":"Laden Sie die Touristenf\u00fchrer von Tazacorte herunter: Karten, Routen, Geschichte, Str\u00e4nde, Kulturerbe und lokale Tipps, um La Palma zu entdecken.","og_url":"https:\/\/turismotazacorte.es\/de\/reisefuehrer\/","og_site_name":"Tazacorte Tourismus","article_modified_time":"2025-12-02T16:39:02+00:00","og_image":[{"width":768,"height":1182,"url":"https:\/\/turismotazacorte.es\/wp-content\/uploads\/2025\/10\/GUIA-TAZACORTE-CULTURAL-2014-1_pages-to-jpg-0001.jpg","type":"image\/jpeg"}],"twitter_card":"summary_large_image","schema":{"@context":"https:\/\/schema.org","@graph":[{"@type":"WebPage","@id":"https:\/\/turismotazacorte.es\/de\/reisefuehrer\/","url":"https:\/\/turismotazacorte.es\/de\/reisefuehrer\/","name":"Reisef\u00fchrer - Tazacorte Tourismus","isPartOf":{"@id":"https:\/\/turismotazacorte.es\/de\/#website"},"primaryImageOfPage":{"@id":"https:\/\/turismotazacorte.es\/de\/reisefuehrer\/#primaryimage"},"image":{"@id":"https:\/\/turismotazacorte.es\/de\/reisefuehrer\/#primaryimage"},"thumbnailUrl":"https:\/\/turismotazacorte.es\/wp-content\/uploads\/2025\/10\/GUIA-TAZACORTE-CULTURAL-2014-1_pages-to-jpg-0001-665x1024.jpg","datePublished":"2025-10-16T06:40:14+00:00","dateModified":"2025-12-02T16:39:02+00:00","description":"Laden Sie die Touristenf\u00fchrer von Tazacorte herunter: Karten, Routen, Geschichte, Str\u00e4nde, Kulturerbe und lokale Tipps, um La Palma zu entdecken.","breadcrumb":{"@id":"https:\/\/turismotazacorte.es\/de\/reisefuehrer\/#breadcrumb"},"inLanguage":"de","potentialAction":[{"@type":"ReadAction","target":["https:\/\/turismotazacorte.es\/de\/reisefuehrer\/"]}]},{"@type":"ImageObject","inLanguage":"de","@id":"https:\/\/turismotazacorte.es\/de\/reisefuehrer\/#primaryimage","url":"https:\/\/turismotazacorte.es\/wp-content\/uploads\/2025\/10\/GUIA-TAZACORTE-CULTURAL-2014-1_pages-to-jpg-0001-665x1024.jpg","contentUrl":"https:\/\/turismotazacorte.es\/wp-content\/uploads\/2025\/10\/GUIA-TAZACORTE-CULTURAL-2014-1_pages-to-jpg-0001-665x1024.jpg"},{"@type":"BreadcrumbList","@id":"https:\/\/turismotazacorte.es\/de\/reisefuehrer\/#breadcrumb","itemListElement":[{"@type":"ListItem","position":1,"name":"Startseite","item":"https:\/\/myblog-qvxlqmxys2.live-website.com\/de\/startseite\/"},{"@type":"ListItem","position":2,"name":"Reisef\u00fchrer"}]},{"@type":"WebSite","@id":"https:\/\/turismotazacorte.es\/de\/#website","url":"https:\/\/turismotazacorte.es\/de\/","name":"Tazacorte Tourismus","description":"Web Tur&iacute;stica Tazacorte","publisher":{"@id":"https:\/\/turismotazacorte.es\/de\/#organization"},"potentialAction":[{"@type":"SearchAction","target":{"@type":"EntryPoint","urlTemplate":"https:\/\/turismotazacorte.es\/de\/?s={search_term_string}"},"query-input":{"@type":"PropertyValueSpecification","valueRequired":true,"valueName":"search_term_string"}}],"inLanguage":"de"},{"@type":"Organization","@id":"https:\/\/turismotazacorte.es\/de\/#organization","name":"Tazacorte Tourismus","url":"https:\/\/turismotazacorte.es\/de\/","logo":{"@type":"ImageObject","inLanguage":"de","@id":"https:\/\/turismotazacorte.es\/de\/#\/schema\/logo\/image\/","url":"https:\/\/turismotazacorte.es\/wp-content\/uploads\/2025\/09\/Logotipo-Turismo-Tazacorte-1.png","contentUrl":"https:\/\/turismotazacorte.es\/wp-content\/uploads\/2025\/09\/Logotipo-Turismo-Tazacorte-1.png","width":600,"height":275,"caption":"Tazacorte Tourismus"},"image":{"@id":"https:\/\/turismotazacorte.es\/de\/#\/schema\/logo\/image\/"}}]}},"_links":{"self":[{"href":"https:\/\/turismotazacorte.es\/de\/wp-json\/wp\/v2\/pages\/1970","targetHints":{"allow":["GET"]}}],"collection":[{"href":"https:\/\/turismotazacorte.es\/de\/wp-json\/wp\/v2\/pages"}],"about":[{"href":"https:\/\/turismotazacorte.es\/de\/wp-json\/wp\/v2\/types\/page"}],"author":[{"embeddable":true,"href":"https:\/\/turismotazacorte.es\/de\/wp-json\/wp\/v2\/users\/2"}],"replies":[{"embeddable":true,"href":"https:\/\/turismotazacorte.es\/de\/wp-json\/wp\/v2\/comments?post=1970"}],"version-history":[{"count":1,"href":"https:\/\/turismotazacorte.es\/de\/wp-json\/wp\/v2\/pages\/1970\/revisions"}],"predecessor-version":[{"id":1975,"href":"https:\/\/turismotazacorte.es\/de\/wp-json\/wp\/v2\/pages\/1970\/revisions\/1975"}],"wp:attachment":[{"href":"https:\/\/turismotazacorte.es\/de\/wp-json\/wp\/v2\/media?parent=1970"}],"curies":[{"name":"wp","href":"https:\/\/api.w.org\/{rel}","templated":true}]}}